{"id":1660,"date":"2022-06-18T10:08:37","date_gmt":"2022-06-18T14:08:37","guid":{"rendered":"https:\/\/prod2.monsieursiteweb.com\/?page_id=1660"},"modified":"2024-08-12T13:37:44","modified_gmt":"2024-08-12T17:37:44","slug":"a-propos-jean-kochenburger","status":"publish","type":"page","link":"https:\/\/couvreurkochenburger.ca\/en\/a-propos-jean-kochenburger\/","title":{"rendered":"About"},"content":{"rendered":"<div data-elementor-type=\"wp-page\" data-elementor-id=\"1660\" class=\"elementor elementor-1660\" data-elementor-settings=\"{&quot;ha_cmc_init_switcher&quot;:&quot;no&quot;}\" data-elementor-post-type=\"page\">\n\t\t\t\t\t\t<section class=\"elementor-section elementor-top-section elementor-element elementor-element-3f9d44f elementor-section-boxed elementor-section-height-default elementor-section-height-default\" data-id=\"3f9d44f\" data-element_type=\"section\" data-e-type=\"section\" data-settings=\"{&quot;background_background&quot;:&quot;classic&quot;,&quot;_ha_eqh_enable&quot;:false}\">\n\t\t\t\t\t\t<div class=\"elementor-container elementor-column-gap-default\">\n\t\t\t\t\t<div class=\"elementor-column elementor-col-100 elementor-top-column elementor-element elementor-element-c31479c\" data-id=\"c31479c\" data-element_type=\"column\" data-e-type=\"column\">\n\t\t\t<div class=\"elementor-widget-wrap elementor-element-populated\">\n\t\t\t\t\t\t<div class=\"elementor-element elementor-element-4d718de elementor-widget elementor-widget-heading\" data-id=\"4d718de\" data-element_type=\"widget\" data-e-type=\"widget\" data-widget_type=\"heading.default\">\n\t\t\t\t<div class=\"elementor-widget-container\">\n\t\t\t\t\t<h2 class=\"elementor-heading-title elementor-size-default\">A hundred years of family tradition<\/h2>\t\t\t\t<\/div>\n\t\t\t\t<\/div>\n\t\t\t\t<div class=\"elementor-element elementor-element-5eeca2e elementor-widget elementor-widget-text-editor\" data-id=\"5eeca2e\" data-element_type=\"widget\" data-e-type=\"widget\" data-widget_type=\"text-editor.default\">\n\t\t\t\t<div class=\"elementor-widget-container\">\n\t\t\t\t\t\t\t\t\t<p>In addition to obtaining a unique service, our guests have peace of mind.<\/p>\t\t\t\t\t\t\t\t<\/div>\n\t\t\t\t<\/div>\n\t\t\t\t\t<\/div>\n\t\t<\/div>\n\t\t\t\t\t<\/div>\n\t\t<\/section>\n\t\t\t\t<section class=\"elementor-section elementor-top-section elementor-element elementor-element-3e8f5e4 elementor-section-boxed elementor-section-height-default elementor-section-height-default\" data-id=\"3e8f5e4\" data-element_type=\"section\" data-e-type=\"section\" data-settings=\"{&quot;background_background&quot;:&quot;classic&quot;,&quot;_ha_eqh_enable&quot;:false}\">\n\t\t\t\t\t\t<div class=\"elementor-container elementor-column-gap-default\">\n\t\t\t\t\t<div class=\"elementor-column elementor-col-100 elementor-top-column elementor-element elementor-element-4e5ead5\" data-id=\"4e5ead5\" data-element_type=\"column\" data-e-type=\"column\">\n\t\t\t<div class=\"elementor-widget-wrap elementor-element-populated\">\n\t\t\t\t\t\t<div class=\"elementor-element elementor-element-407456c elementor-widget elementor-widget-heading\" data-id=\"407456c\" data-element_type=\"widget\" data-e-type=\"widget\" data-widget_type=\"heading.default\">\n\t\t\t\t<div class=\"elementor-widget-container\">\n\t\t\t\t\t<h2 class=\"elementor-heading-title elementor-size-default\">Our art has been passed down from father to son since 1898\n<\/h2>\t\t\t\t<\/div>\n\t\t\t\t<\/div>\n\t\t\t\t<div class=\"elementor-element elementor-element-071efa0 elementor-widget elementor-widget-text-editor\" data-id=\"071efa0\" data-element_type=\"widget\" data-e-type=\"widget\" data-widget_type=\"text-editor.default\">\n\t\t\t\t<div class=\"elementor-widget-container\">\n\t\t\t\t\t\t\t\t\t<p>\u00ab Our father Jean was able to instill in us very young the concern for a job well done with the greatest respect for the clientele. \u00bb<\/p><p>\u2013 Daniel, Jean et Jacques Kochenburger<\/p>\t\t\t\t\t\t\t\t<\/div>\n\t\t\t\t<\/div>\n\t\t\t\t<section class=\"elementor-section elementor-inner-section elementor-element elementor-element-4117168 elementor-section-boxed elementor-section-height-default elementor-section-height-default\" data-id=\"4117168\" data-element_type=\"section\" data-e-type=\"section\" data-settings=\"{&quot;_ha_eqh_enable&quot;:false}\">\n\t\t\t\t\t\t<div class=\"elementor-container elementor-column-gap-default\">\n\t\t\t\t\t<div class=\"elementor-column elementor-col-50 elementor-inner-column elementor-element elementor-element-35cd0af\" data-id=\"35cd0af\" data-element_type=\"column\" data-e-type=\"column\">\n\t\t\t<div class=\"elementor-widget-wrap elementor-element-populated\">\n\t\t\t\t\t\t<div class=\"elementor-element elementor-element-7cab783 elementor-widget elementor-widget-image\" data-id=\"7cab783\" data-element_type=\"widget\" data-e-type=\"widget\" data-widget_type=\"image.default\">\n\t\t\t\t<div class=\"elementor-widget-container\">\n\t\t\t\t\t\t\t\t\t\t\t\t\t\t\t<img fetchpriority=\"high\" decoding=\"async\" width=\"1196\" height=\"668\" src=\"https:\/\/couvreurkochenburger.ca\/wp-content\/uploads\/2022\/06\/Capture-de\u0301cran-2017-08-28-a\u0300-12.17.14.png\" class=\"attachment-large size-large wp-image-1663\" alt=\"\" srcset=\"https:\/\/couvreurkochenburger.ca\/wp-content\/uploads\/2022\/06\/Capture-de\u0301cran-2017-08-28-a\u0300-12.17.14.png 1196w, https:\/\/couvreurkochenburger.ca\/wp-content\/uploads\/2022\/06\/Capture-de\u0301cran-2017-08-28-a\u0300-12.17.14-768x429.png 768w\" sizes=\"(max-width: 1196px) 100vw, 1196px\" \/>\t\t\t\t\t\t\t\t\t\t\t\t\t\t\t<\/div>\n\t\t\t\t<\/div>\n\t\t\t\t\t<\/div>\n\t\t<\/div>\n\t\t\t\t<div class=\"elementor-column elementor-col-50 elementor-inner-column elementor-element elementor-element-669aad1\" data-id=\"669aad1\" data-element_type=\"column\" data-e-type=\"column\">\n\t\t\t<div class=\"elementor-widget-wrap elementor-element-populated\">\n\t\t\t\t\t\t<div class=\"elementor-element elementor-element-a3ebf97 elementor-widget elementor-widget-image\" data-id=\"a3ebf97\" data-element_type=\"widget\" data-e-type=\"widget\" data-widget_type=\"image.default\">\n\t\t\t\t<div class=\"elementor-widget-container\">\n\t\t\t\t\t\t\t\t\t\t\t\t\t\t\t<img decoding=\"async\" width=\"1024\" height=\"573\" src=\"https:\/\/couvreurkochenburger.ca\/wp-content\/uploads\/2022\/06\/Jeankochenburger-couvreur-1024x573-1.png\" class=\"attachment-large size-large wp-image-1664\" alt=\"\" srcset=\"https:\/\/couvreurkochenburger.ca\/wp-content\/uploads\/2022\/06\/Jeankochenburger-couvreur-1024x573-1.png 1024w, https:\/\/couvreurkochenburger.ca\/wp-content\/uploads\/2022\/06\/Jeankochenburger-couvreur-1024x573-1-768x430.png 768w\" sizes=\"(max-width: 1024px) 100vw, 1024px\" \/>\t\t\t\t\t\t\t\t\t\t\t\t\t\t\t<\/div>\n\t\t\t\t<\/div>\n\t\t\t\t\t<\/div>\n\t\t<\/div>\n\t\t\t\t\t<\/div>\n\t\t<\/section>\n\t\t\t\t<section class=\"elementor-section elementor-inner-section elementor-element elementor-element-caa7c7e elementor-section-boxed elementor-section-height-default elementor-section-height-default\" data-id=\"caa7c7e\" data-element_type=\"section\" data-e-type=\"section\" data-settings=\"{&quot;_ha_eqh_enable&quot;:false}\">\n\t\t\t\t\t\t<div class=\"elementor-container elementor-column-gap-default\">\n\t\t\t\t\t<div class=\"elementor-column elementor-col-33 elementor-inner-column elementor-element elementor-element-ec9267d\" data-id=\"ec9267d\" data-element_type=\"column\" data-e-type=\"column\">\n\t\t\t<div class=\"elementor-widget-wrap elementor-element-populated\">\n\t\t\t\t\t\t<div class=\"elementor-element elementor-element-a10b029 elementor-widget elementor-widget-heading\" data-id=\"a10b029\" data-element_type=\"widget\" data-e-type=\"widget\" data-widget_type=\"heading.default\">\n\t\t\t\t<div class=\"elementor-widget-container\">\n\t\t\t\t\t<h2 class=\"elementor-heading-title elementor-size-default\">Shingle Roofing\n<\/h2>\t\t\t\t<\/div>\n\t\t\t\t<\/div>\n\t\t\t\t<div class=\"elementor-element elementor-element-f69954d elementor-widget elementor-widget-text-editor\" data-id=\"f69954d\" data-element_type=\"widget\" data-e-type=\"widget\" data-widget_type=\"text-editor.default\">\n\t\t\t\t<div class=\"elementor-widget-container\">\n\t\t\t\t\t\t\t\t\tResidential and commercial manufacturing, repair or maintenance, we offer a myriad of services adapted to your needs, always anchored in a perspective of dynamism and professionalism.\n\t\t\t\t\t\t\t\t<\/div>\n\t\t\t\t<\/div>\n\t\t\t\t\t<\/div>\n\t\t<\/div>\n\t\t\t\t<div class=\"elementor-column elementor-col-33 elementor-inner-column elementor-element elementor-element-bcd8325\" data-id=\"bcd8325\" data-element_type=\"column\" data-e-type=\"column\">\n\t\t\t<div class=\"elementor-widget-wrap elementor-element-populated\">\n\t\t\t\t\t\t<div class=\"elementor-element elementor-element-4b1b979 elementor-widget elementor-widget-heading\" data-id=\"4b1b979\" data-element_type=\"widget\" data-e-type=\"widget\" data-widget_type=\"heading.default\">\n\t\t\t\t<div class=\"elementor-widget-container\">\n\t\t\t\t\t<h2 class=\"elementor-heading-title elementor-size-default\">Top quality products\n\n<\/h2>\t\t\t\t<\/div>\n\t\t\t\t<\/div>\n\t\t\t\t<div class=\"elementor-element elementor-element-ae1338b elementor-widget elementor-widget-text-editor\" data-id=\"ae1338b\" data-element_type=\"widget\" data-e-type=\"widget\" data-widget_type=\"text-editor.default\">\n\t\t\t\t<div class=\"elementor-widget-container\">\n\t\t\t\t\t\t\t\t\tDurability is our priority. This is why we only use a selection of top quality products on your residence or business.\n\n\t\t\t\t\t\t\t\t<\/div>\n\t\t\t\t<\/div>\n\t\t\t\t\t<\/div>\n\t\t<\/div>\n\t\t\t\t<div class=\"elementor-column elementor-col-33 elementor-inner-column elementor-element elementor-element-4add001\" data-id=\"4add001\" data-element_type=\"column\" data-e-type=\"column\">\n\t\t\t<div class=\"elementor-widget-wrap elementor-element-populated\">\n\t\t\t\t\t\t<div class=\"elementor-element elementor-element-7373c5a elementor-widget elementor-widget-heading\" data-id=\"7373c5a\" data-element_type=\"widget\" data-e-type=\"widget\" data-widget_type=\"heading.default\">\n\t\t\t\t<div class=\"elementor-widget-container\">\n\t\t\t\t\t<h2 class=\"elementor-heading-title elementor-size-default\">Our successes<\/h2>\t\t\t\t<\/div>\n\t\t\t\t<\/div>\n\t\t\t\t<div class=\"elementor-element elementor-element-5d8732c elementor-widget elementor-widget-text-editor\" data-id=\"5d8732c\" data-element_type=\"widget\" data-e-type=\"widget\" data-widget_type=\"text-editor.default\">\n\t\t\t\t<div class=\"elementor-widget-container\">\n\t\t\t\t\t\t\t\t\t<p>Our successes and our reputation are the result of a winning combination that has proved its worth: being present for our customers before, during and after their project, having their content at heart and aiming at absolute quality. Always.<\/p>\t\t\t\t\t\t\t\t<\/div>\n\t\t\t\t<\/div>\n\t\t\t\t\t<\/div>\n\t\t<\/div>\n\t\t\t\t\t<\/div>\n\t\t<\/section>\n\t\t\t\t\t<\/div>\n\t\t<\/div>\n\t\t\t\t\t<\/div>\n\t\t<\/section>\n\t\t\t\t<section class=\"elementor-section elementor-top-section elementor-element elementor-element-99bc658 elementor-section-boxed elementor-section-height-default elementor-section-height-default\" data-id=\"99bc658\" data-element_type=\"section\" data-e-type=\"section\" data-settings=\"{&quot;_ha_eqh_enable&quot;:false}\">\n\t\t\t\t\t\t<div class=\"elementor-container elementor-column-gap-default\">\n\t\t\t\t\t<div class=\"elementor-column elementor-col-100 elementor-top-column elementor-element elementor-element-0e19a75\" data-id=\"0e19a75\" data-element_type=\"column\" data-e-type=\"column\">\n\t\t\t<div class=\"elementor-widget-wrap elementor-element-populated\">\n\t\t\t\t\t\t<div class=\"elementor-element elementor-element-b376664 elementor-widget elementor-widget-text-editor\" data-id=\"b376664\" data-element_type=\"widget\" data-e-type=\"widget\" data-widget_type=\"text-editor.default\">\n\t\t\t\t<div class=\"elementor-widget-container\">\n\t\t\t\t\t\t\t\t\tChez Jean Kochenburger et Fils, la toiture r\u00e9sidentielle est une affaire de famille dont l\u2019expertise se perp\u00e9tue depuis plusieurs g\u00e9n\u00e9rations. Notre histoire d\u00e9bute en 1878 lorsque Mr. Kochenburger quitte l\u2019Alsace pour le Canada. Pendant une quarantaine d\u2019ann\u00e9es, ce dernier apprendra les rudiments du m\u00e9tier transmis par son p\u00e8re et vingt ans apr\u00e8s son arriv\u00e9e au pays en 1987, il fonde sa propre entreprise : Jean Kochenburger et ses Fils inc. Une marque fond\u00e9e sur des valeurs d\u2019honn\u00eatet\u00e9 et de savoir-faire in\u00e9gal\u00e9 qui nous permettent, encore aujourd\u2019hui, d\u2019accumuler les r\u00e9ussites et de r\u00e9colter <span class=\"text-nowrap\">les honneurs<\/span>.\t\t\t\t\t\t\t\t<\/div>\n\t\t\t\t<\/div>\n\t\t\t\t\t<\/div>\n\t\t<\/div>\n\t\t\t\t\t<\/div>\n\t\t<\/section>\n\t\t\t\t<\/div>","protected":false},"excerpt":{"rendered":"<p>100 ans de tradition familiale En plus d\u2019obtenir un service unique, nos clients ont l\u2019esprit tranquille. Notre art se transmet de p\u00e8re en fils depuis 1898 \u00ab Notre p\u00e8re Jean a su nous inculquer tr\u00e8s jeunes le souci du travail bien fait dans le plus grand respect de la client\u00e8le. \u00bb \u2013 Daniel, Jean et [&hellip;]<\/p>\n","protected":false},"author":1,"featured_media":0,"parent":0,"menu_order":0,"comment_status":"closed","ping_status":"closed","template":"","meta":{"footnotes":""},"class_list":["post-1660","page","type-page","status-publish","hentry"],"_links":{"self":[{"href":"https:\/\/couvreurkochenburger.ca\/en\/wp-json\/wp\/v2\/pages\/1660","targetHints":{"allow":["GET"]}}],"collection":[{"href":"https:\/\/couvreurkochenburger.ca\/en\/wp-json\/wp\/v2\/pages"}],"about":[{"href":"https:\/\/couvreurkochenburger.ca\/en\/wp-json\/wp\/v2\/types\/page"}],"author":[{"embeddable":true,"href":"https:\/\/couvreurkochenburger.ca\/en\/wp-json\/wp\/v2\/users\/1"}],"replies":[{"embeddable":true,"href":"https:\/\/couvreurkochenburger.ca\/en\/wp-json\/wp\/v2\/comments?post=1660"}],"version-history":[{"count":0,"href":"https:\/\/couvreurkochenburger.ca\/en\/wp-json\/wp\/v2\/pages\/1660\/revisions"}],"wp:attachment":[{"href":"https:\/\/couvreurkochenburger.ca\/en\/wp-json\/wp\/v2\/media?parent=1660"}],"curies":[{"name":"wp","href":"https:\/\/api.w.org\/{rel}","templated":true}]}}