{"id":2090,"date":"2024-08-05T15:59:57","date_gmt":"2024-08-05T19:59:57","guid":{"rendered":"https:\/\/www.couvreurkochenburger.ca\/?page_id=2090"},"modified":"2024-08-06T10:46:51","modified_gmt":"2024-08-06T14:46:51","slug":"blogue","status":"publish","type":"page","link":"https:\/\/couvreurkochenburger.ca\/en\/blogue\/","title":{"rendered":"Blog"},"content":{"rendered":"<div data-elementor-type=\"wp-page\" data-elementor-id=\"2090\" class=\"elementor elementor-2090\" data-elementor-settings=\"{&quot;ha_cmc_init_switcher&quot;:&quot;no&quot;}\" data-elementor-post-type=\"page\">\n\t\t\t\t\t\t<section class=\"elementor-section elementor-top-section elementor-element elementor-element-0e76cb4 elementor-section-boxed elementor-section-height-default elementor-section-height-default\" data-id=\"0e76cb4\" data-element_type=\"section\" data-e-type=\"section\" data-settings=\"{&quot;background_background&quot;:&quot;classic&quot;,&quot;_ha_eqh_enable&quot;:false}\">\n\t\t\t\t\t\t<div class=\"elementor-container elementor-column-gap-default\">\n\t\t\t\t\t<div class=\"elementor-column elementor-col-100 elementor-top-column elementor-element elementor-element-46e9446\" data-id=\"46e9446\" data-element_type=\"column\" data-e-type=\"column\">\n\t\t\t<div class=\"elementor-widget-wrap elementor-element-populated\">\n\t\t\t\t\t\t<div class=\"elementor-element elementor-element-138beeb elementor-widget elementor-widget-heading\" data-id=\"138beeb\" data-element_type=\"widget\" data-e-type=\"widget\" data-widget_type=\"heading.default\">\n\t\t\t\t<div class=\"elementor-widget-container\">\n\t\t\t\t\t<h1 class=\"elementor-heading-title elementor-size-default\">Blog<\/h1>\t\t\t\t<\/div>\n\t\t\t\t<\/div>\n\t\t\t\t<div class=\"elementor-element elementor-element-9d83e10 elementor-widget elementor-widget-text-editor\" data-id=\"9d83e10\" data-element_type=\"widget\" data-e-type=\"widget\" data-widget_type=\"text-editor.default\">\n\t\t\t\t<div class=\"elementor-widget-container\">\n\t\t\t\t\t\t\t\t\t<p>Discover our specialized roofing blog! Dive into our articles to find expert advice, practical tips, and effective solutions for all your roofing projects. Whether you are a residential or commercial property owner, get the essential information to protect and maintain your roof.<\/p>\t\t\t\t\t\t\t\t<\/div>\n\t\t\t\t<\/div>\n\t\t\t\t\t<\/div>\n\t\t<\/div>\n\t\t\t\t\t<\/div>\n\t\t<\/section>\n\t\t\t\t<section class=\"elementor-section elementor-top-section elementor-element elementor-element-2fda192d elementor-section-boxed elementor-section-height-default elementor-section-height-default\" data-id=\"2fda192d\" data-element_type=\"section\" data-e-type=\"section\" data-settings=\"{&quot;_ha_eqh_enable&quot;:false}\">\n\t\t\t\t\t\t<div class=\"elementor-container elementor-column-gap-default\">\n\t\t\t\t\t<div class=\"elementor-column elementor-col-100 elementor-top-column elementor-element elementor-element-4824c263\" data-id=\"4824c263\" data-element_type=\"column\" data-e-type=\"column\">\n\t\t\t<div class=\"elementor-widget-wrap elementor-element-populated\">\n\t\t\t\t\t\t\t<\/div>\n\t\t<\/div>\n\t\t\t\t\t<\/div>\n\t\t<\/section>\n\t\t\t\t<\/div>","protected":false},"excerpt":{"rendered":"<p>Blogue D\u00e9couvrez notre blogue sp\u00e9cialis\u00e9 dans les toitures! Plongez dans nos articles pour trouver des conseils d&rsquo;experts, des astuces pratiques et des solutions efficaces pour tous vos projets de couverture de toit. Que vous soyez propri\u00e9taire r\u00e9sidentiel ou commercial, obtenez les informations essentielles pour prot\u00e9ger et entretenir votre toiture. Tout savoir sur le bardeau d&#8217;asphalte [&hellip;]<\/p>\n","protected":false},"author":1,"featured_media":0,"parent":0,"menu_order":0,"comment_status":"closed","ping_status":"closed","template":"","meta":{"footnotes":""},"class_list":["post-2090","page","type-page","status-publish","hentry"],"_links":{"self":[{"href":"https:\/\/couvreurkochenburger.ca\/en\/wp-json\/wp\/v2\/pages\/2090","targetHints":{"allow":["GET"]}}],"collection":[{"href":"https:\/\/couvreurkochenburger.ca\/en\/wp-json\/wp\/v2\/pages"}],"about":[{"href":"https:\/\/couvreurkochenburger.ca\/en\/wp-json\/wp\/v2\/types\/page"}],"author":[{"embeddable":true,"href":"https:\/\/couvreurkochenburger.ca\/en\/wp-json\/wp\/v2\/users\/1"}],"replies":[{"embeddable":true,"href":"https:\/\/couvreurkochenburger.ca\/en\/wp-json\/wp\/v2\/comments?post=2090"}],"version-history":[{"count":0,"href":"https:\/\/couvreurkochenburger.ca\/en\/wp-json\/wp\/v2\/pages\/2090\/revisions"}],"wp:attachment":[{"href":"https:\/\/couvreurkochenburger.ca\/en\/wp-json\/wp\/v2\/media?parent=2090"}],"curies":[{"name":"wp","href":"https:\/\/api.w.org\/{rel}","templated":true}]}}